{"id":13441,"date":"2023-07-18T20:41:17","date_gmt":"2023-07-18T20:41:17","guid":{"rendered":"https:\/\/business.reobiztheme.com\/?page_id=13441"},"modified":"2026-01-07T12:26:25","modified_gmt":"2026-01-07T17:26:25","slug":"acerca-de-mi","status":"publish","type":"page","link":"https:\/\/santiagomachuca.com\/index.php\/acerca-de-mi\/","title":{"rendered":"Acerca de mi"},"content":{"rendered":"\t\t<div data-elementor-type=\"wp-page\" data-elementor-id=\"13441\" class=\"elementor elementor-13441\">\n\t\t\t\t\t\t<section class=\"elementor-section elementor-top-section elementor-element elementor-element-3a6a7c2f elementor-section-full_width elementor-section-content-middle elementor-section-height-default elementor-section-height-default\" data-id=\"3a6a7c2f\" data-element_type=\"section\" data-e-type=\"section\">\n\t\t\t\t\t\t<div class=\"elementor-container elementor-column-gap-wide\">\n\t\t\t\t\t<div class=\"elementor-column elementor-col-50 elementor-top-column elementor-element elementor-element-ac6127c animated-slow elementor-invisible\" data-id=\"ac6127c\" data-element_type=\"column\" data-e-type=\"column\" data-settings=\"{&quot;animation&quot;:&quot;fadeInUp&quot;,&quot;animation_delay&quot;:500}\">\n\t\t\t<div class=\"elementor-widget-wrap elementor-element-populated\">\n\t\t\t\t\t\t<div class=\"elementor-element elementor-element-30bb6355 elementor-widget elementor-widget-image\" data-id=\"30bb6355\" data-element_type=\"widget\" data-e-type=\"widget\" data-widget_type=\"image.default\">\n\t\t\t\t<div class=\"elementor-widget-container\">\n\t\t\t\t\t\t\t\t\t\t\t\t\t\t\t<img fetchpriority=\"high\" decoding=\"async\" width=\"640\" height=\"900\" src=\"https:\/\/santiagomachuca.com\/wp-content\/uploads\/2024\/05\/santiago-2.jpg\" class=\"attachment-full size-full wp-image-14663\" alt=\"\" srcset=\"https:\/\/santiagomachuca.com\/wp-content\/uploads\/2024\/05\/santiago-2.jpg 640w, https:\/\/santiagomachuca.com\/wp-content\/uploads\/2024\/05\/santiago-2-213x300.jpg 213w, https:\/\/santiagomachuca.com\/wp-content\/uploads\/2024\/05\/santiago-2-600x844.jpg 600w\" sizes=\"(max-width: 640px) 100vw, 640px\" \/>\t\t\t\t\t\t\t\t\t\t\t\t\t\t\t<\/div>\n\t\t\t\t<\/div>\n\t\t\t\t\t<\/div>\n\t\t<\/div>\n\t\t\t\t<div class=\"elementor-column elementor-col-50 elementor-top-column elementor-element elementor-element-17ba1ce3\" data-id=\"17ba1ce3\" data-element_type=\"column\" data-e-type=\"column\">\n\t\t\t<div class=\"elementor-widget-wrap elementor-element-populated\">\n\t\t\t\t\t\t<div class=\"elementor-element elementor-element-9b9b080 elementor-widget elementor-widget-rs-heading\" data-id=\"9b9b080\" data-element_type=\"widget\" data-e-type=\"widget\" data-widget_type=\"rs-heading.default\">\n\t\t\t\t<div class=\"elementor-widget-container\">\n\t\t\t\t\t        <div class=\"rs-heading default  \">\r\n        \t<div class=\"title-inner\">\r\n        \t\t      \t\t\r\n\t            <span class=\"sub-text \">Acerca de m\u00ed<\/span><h2 class=\"title\"><span class=\"watermark\"><\/span>Ab. Santiago Machuca Lozano MSc.<\/h2>\t        <\/div>\r\n\t                    \t<div class=\"description\">\r\n            \t\t<p>Con\u00f3zcame un poco m\u00e1s<\/p>            \t\t\r\n            \t<\/div>\r\n        \t        <\/div>\r\n\r\n        \t\t\t\t<\/div>\n\t\t\t\t<\/div>\n\t\t\t\t<div class=\"elementor-element elementor-element-6c321c22 elementor-widget__width-initial elementor-widget elementor-widget-rsfeatureslist\" data-id=\"6c321c22\" data-element_type=\"widget\" data-e-type=\"widget\" data-widget_type=\"rsfeatureslist.default\">\n\t\t\t\t<div class=\"elementor-widget-container\">\n\t\t\t\t\t \n\n        <div class=\"rs-features-list-content\">        \n\n                                    <ul class=\"rs-features-list\">\n                                                    <li class=\"elementor-repeater-item-7006b61\">\n                                                                    <i class=\"fa fa-check-circle-o\"><\/i>\n                                                                <span class=\"rs-feature-text\"><p align=\"justify\">Candidato a Doctor en Derecho Constitucional, Ciencias Pol\u00edticas y Criminolog\u00eda por la Facultad de Dret de la Universidad de Valencia.  <span style=\"text-align: left\"><\/span><\/p><\/span>\n                            <\/li>\n                                                    <li class=\"elementor-repeater-item-0c52c27\">\n                                                                    <i class=\"fa fa-check-circle-o\"><\/i>\n                                                                <span class=\"rs-feature-text\"><p align=\"justify\">Candidato a Magister en Derecho Procesal Penal y Litigaci\u00f3n Oral por la Universidad de lo Hemisferios.  <span style=\"text-align: left\"><\/span><\/p><\/span>\n                            <\/li>\n                                                    <li class=\"elementor-repeater-item-6a52651\">\n                                                                    <i class=\"fa fa-check-circle-o\"><\/i>\n                                                                <span class=\"rs-feature-text\"><p align=\"justify\">Mag\u00edster en Derecho con menci\u00f3n en Derecho Constitucional por la Universidad Andina Sim\u00f3n Bol\u00edvar \u2013 Sede Ecuador<\/span>\n                            <\/li>\n                                                    <li class=\"elementor-repeater-item-d5b5c53\">\n                                                                    <i class=\"fa fa-check-circle-o\"><\/i>\n                                                                <span class=\"rs-feature-text\"><p align=\"justify\">Especialista Superior en Derecho Administrativo por la Universidad Andina Sim\u00f3n Bol\u00edvar \u2013 Sede Ecuador- <\/span>\n                            <\/li>\n                                                    <li class=\"elementor-repeater-item-aa10752\">\n                                                                    <i class=\"fa fa-check-circle-o\"><\/i>\n                                                                <span class=\"rs-feature-text\"><p align=\"justify\">Abogado y Licenciado en Ciencias Pol\u00edticas y Sociales por la Universidad de Cuenca. <\/span>\n                            <\/li>\n                                                    <li class=\"elementor-repeater-item-c970d43\">\n                                                                    <i class=\"fa fa-check-circle-o\"><\/i>\n                                                                <span class=\"rs-feature-text\"><p align=\"justify\">Actualmente es profesor titular de la asignatura de Derecho Constitucional y Derecho Procesal Constitucional de la Universidad Central del Ecuador. Es vicepresidente de la Federaci\u00f3n de Asociaciones de Profesores de la Universidad Central del Ecuador (FAPUC)<span style=\"text-align: left\"><\/span><\/p><\/span>\n                            <\/li>\n                                                    <li class=\"elementor-repeater-item-3bec541\">\n                                                                    <i class=\"fa fa-check-circle-o\"><\/i>\n                                                                <span class=\"rs-feature-text\"><p align=\"justify\">Profesor invitado de posgrado en las Maestr\u00edas de Derecho Constitucional y Derecho Administrativo de UNIANDES, Universidad T\u00e9cnica de Ambato, Universidad de Otavalo, Universidad Estatal de Milagro, Universidad Nacional de Loja, Universidad Nacional de Chimborazo y Centro Interamericano de Estudios de la Seguridad Social con sede en la ciudad de M\u00e9xico. <\/span>\n                            <\/li>\n                                                    <li class=\"elementor-repeater-item-502c0da\">\n                                                                    <i class=\"fa fa-check-circle-o\"><\/i>\n                                                                <span class=\"rs-feature-text\"><p align=\"justify\">Fue docente visitante en estancia de investigaci\u00f3n en el Departamento de Derecho Constitucional, Ciencias Pol\u00edticas y de la Administraci\u00f3n de la Facultat de Dret de la Universitat de Valencia. Exdocente contratado de la Universidad Andina Sim\u00f3n Bol\u00edvar-Sede Ecuador, IAEN y Universidad de las Fuerzas Armadas -ESPE-. <\/span>\n                            <\/li>\n                                                    <li class=\"elementor-repeater-item-c31cdd1\">\n                                                                    <i class=\"fa fa-check-circle-o\"><\/i>\n                                                                <span class=\"rs-feature-text\"><p align=\"justify\">Autor de varias publicaciones en Derecho Constitucional, Derecho Administrativo y Derecho Electoral. Abogado litigante y activista en Derechos Humanos. <span style=\"text-align: left\"><\/span><\/p><\/span>\n                            <\/li>\n                                            <\/ul>\n                            \n        <\/div>\n        \t\t\t\t<\/div>\n\t\t\t\t<\/div>\n\t\t\t\t\t<\/div>\n\t\t<\/div>\n\t\t\t\t\t<\/div>\n\t\t<\/section>\n\t\t\t\t<\/div>\n\t\t","protected":false},"excerpt":{"rendered":"<p>Acerca de m\u00ed Ab. Santiago Machuca Lozano MSc. Con\u00f3zcame un poco m\u00e1s Candidato a Doctor en Derecho Constitucional, Ciencias Pol\u00edticas y Criminolog\u00eda por la Facultad de Dret de la Universidad de Valencia. Candidato a Magister en Derecho Procesal Penal y Litigaci\u00f3n Oral por la Universidad de lo Hemisferios. Mag\u00edster en Derecho con menci\u00f3n en Derecho&#8230;<\/p>\n","protected":false},"author":1,"featured_media":0,"parent":0,"menu_order":0,"comment_status":"closed","ping_status":"closed","template":"","meta":{"_monsterinsights_skip_tracking":false,"_monsterinsights_sitenote_active":false,"_monsterinsights_sitenote_note":"","_monsterinsights_sitenote_category":0,"_joinchat":[],"footnotes":""},"class_list":["post-13441","page","type-page","status-publish","hentry"],"aioseo_notices":[],"_hostinger_reach_plugin_has_subscription_block":false,"_hostinger_reach_plugin_is_elementor":false,"_links":{"self":[{"href":"https:\/\/santiagomachuca.com\/index.php\/wp-json\/wp\/v2\/pages\/13441","targetHints":{"allow":["GET"]}}],"collection":[{"href":"https:\/\/santiagomachuca.com\/index.php\/wp-json\/wp\/v2\/pages"}],"about":[{"href":"https:\/\/santiagomachuca.com\/index.php\/wp-json\/wp\/v2\/types\/page"}],"author":[{"embeddable":true,"href":"https:\/\/santiagomachuca.com\/index.php\/wp-json\/wp\/v2\/users\/1"}],"replies":[{"embeddable":true,"href":"https:\/\/santiagomachuca.com\/index.php\/wp-json\/wp\/v2\/comments?post=13441"}],"version-history":[{"count":94,"href":"https:\/\/santiagomachuca.com\/index.php\/wp-json\/wp\/v2\/pages\/13441\/revisions"}],"predecessor-version":[{"id":14903,"href":"https:\/\/santiagomachuca.com\/index.php\/wp-json\/wp\/v2\/pages\/13441\/revisions\/14903"}],"wp:attachment":[{"href":"https:\/\/santiagomachuca.com\/index.php\/wp-json\/wp\/v2\/media?parent=13441"}],"curies":[{"name":"wp","href":"https:\/\/api.w.org\/{rel}","templated":true}]}}