{"id":13468,"date":"2023-07-18T20:45:57","date_gmt":"2023-07-18T20:45:57","guid":{"rendered":"https:\/\/business.reobiztheme.com\/?page_id=13468"},"modified":"2025-12-30T09:40:53","modified_gmt":"2025-12-30T14:40:53","slug":"servicios","status":"publish","type":"page","link":"https:\/\/santiagomachuca.com\/index.php\/servicios\/","title":{"rendered":"Derecho Social"},"content":{"rendered":"\t\t<div data-elementor-type=\"wp-page\" data-elementor-id=\"13468\" class=\"elementor elementor-13468\">\n\t\t\t\t\t\t<section class=\"elementor-section elementor-top-section elementor-element elementor-element-55a39a2 elementor-section-full_width elementor-section-content-middle elementor-section-height-full elementor-section-stretched elementor-section-height-default elementor-section-items-middle\" data-id=\"55a39a2\" data-element_type=\"section\" data-e-type=\"section\" data-settings=\"{&quot;stretch_section&quot;:&quot;section-stretched&quot;}\">\n\t\t\t\t\t\t<div class=\"elementor-container elementor-column-gap-wide\">\n\t\t\t\t\t<div class=\"elementor-column elementor-col-50 elementor-top-column elementor-element elementor-element-40e56e7\" data-id=\"40e56e7\" data-element_type=\"column\" data-e-type=\"column\">\n\t\t\t<div class=\"elementor-widget-wrap elementor-element-populated\">\n\t\t\t\t\t\t<div class=\"elementor-element elementor-element-cc14ec7 elementor-widget elementor-widget-rs-heading\" data-id=\"cc14ec7\" data-element_type=\"widget\" data-e-type=\"widget\" data-widget_type=\"rs-heading.default\">\n\t\t\t\t<div class=\"elementor-widget-container\">\n\t\t\t\t\t        <div class=\"rs-heading default justify \">\r\n        \t<div class=\"title-inner\">\r\n        \t\t      \t\t\r\n\t            <h2 class=\"title\"><span class=\"watermark\"><\/span>DERECHO DE FAMILIA<\/h2>\t        <\/div>\r\n\t                    \t<div class=\"description\">\r\n            \t\t<p>Representaci\u00f3n judicial y extra judicial y patrocinio en asuntos relacionados a la familia y ni\u00f1ez y adolescencia como divorcios, uniones de hecho, divisi\u00f3n de bienes, liquidaci\u00f3n de sociedad conyugal, pensiones alimenticias, aumento y rebaja de pensiones, tenencia, r\u00e9gimen de visitas, alimentos en el embarazo, convenios de pago, cobro en pensiones atrasadas y restituci\u00f3n internacionales de menores.<\/p><p>\u00a0<\/p><p>Representaci\u00f3n y patrocinio jur\u00eddico en la obtenci\u00f3n de medidas administrativas de protecci\u00f3n ante las Juntas Cantonales de Protecci\u00f3n de Derechos.<\/p>            \t\t\r\n            \t<\/div>\r\n        \t        <\/div>\r\n\r\n        \t\t\t\t<\/div>\n\t\t\t\t<\/div>\n\t\t\t\t\t<\/div>\n\t\t<\/div>\n\t\t\t\t<div class=\"elementor-column elementor-col-50 elementor-top-column elementor-element elementor-element-7c2ab42 animated-slow elementor-invisible\" data-id=\"7c2ab42\" data-element_type=\"column\" data-e-type=\"column\" data-settings=\"{&quot;animation&quot;:&quot;fadeInUp&quot;,&quot;animation_delay&quot;:500}\">\n\t\t\t<div class=\"elementor-widget-wrap elementor-element-populated\">\n\t\t\t\t\t\t<div class=\"elementor-element elementor-element-b4e29fe elementor-widget elementor-widget-image\" data-id=\"b4e29fe\" data-element_type=\"widget\" data-e-type=\"widget\" data-widget_type=\"image.default\">\n\t\t\t\t<div class=\"elementor-widget-container\">\n\t\t\t\t\t\t\t\t\t\t\t\t\t\t\t<img fetchpriority=\"high\" decoding=\"async\" width=\"800\" height=\"800\" src=\"https:\/\/santiagomachuca.com\/wp-content\/uploads\/2024\/05\/familia.jpg\" class=\"attachment-full size-full wp-image-14167\" alt=\"\" srcset=\"https:\/\/santiagomachuca.com\/wp-content\/uploads\/2024\/05\/familia.jpg 800w, https:\/\/santiagomachuca.com\/wp-content\/uploads\/2024\/05\/familia-300x300.jpg 300w, https:\/\/santiagomachuca.com\/wp-content\/uploads\/2024\/05\/familia-150x150.jpg 150w, https:\/\/santiagomachuca.com\/wp-content\/uploads\/2024\/05\/familia-768x768.jpg 768w, https:\/\/santiagomachuca.com\/wp-content\/uploads\/2024\/05\/familia-500x500.jpg 500w, https:\/\/santiagomachuca.com\/wp-content\/uploads\/2024\/05\/familia-600x600.jpg 600w, https:\/\/santiagomachuca.com\/wp-content\/uploads\/2024\/05\/familia-100x100.jpg 100w\" sizes=\"(max-width: 800px) 100vw, 800px\" \/>\t\t\t\t\t\t\t\t\t\t\t\t\t\t\t<\/div>\n\t\t\t\t<\/div>\n\t\t\t\t\t<\/div>\n\t\t<\/div>\n\t\t\t\t\t<\/div>\n\t\t<\/section>\n\t\t\t\t<section class=\"elementor-section elementor-top-section elementor-element elementor-element-dec827f elementor-section-full_width elementor-section-content-middle elementor-section-height-full elementor-section-stretched elementor-section-height-default elementor-section-items-middle\" data-id=\"dec827f\" data-element_type=\"section\" data-e-type=\"section\" data-settings=\"{&quot;stretch_section&quot;:&quot;section-stretched&quot;}\">\n\t\t\t\t\t\t<div class=\"elementor-container elementor-column-gap-wide\">\n\t\t\t\t\t<div class=\"elementor-column elementor-col-50 elementor-top-column elementor-element elementor-element-48d2f26 animated-slow elementor-invisible\" data-id=\"48d2f26\" data-element_type=\"column\" data-e-type=\"column\" data-settings=\"{&quot;animation&quot;:&quot;fadeInUp&quot;,&quot;animation_delay&quot;:500}\">\n\t\t\t<div class=\"elementor-widget-wrap elementor-element-populated\">\n\t\t\t\t\t\t<div class=\"elementor-element elementor-element-90b5240 elementor-widget elementor-widget-image\" data-id=\"90b5240\" data-element_type=\"widget\" data-e-type=\"widget\" data-widget_type=\"image.default\">\n\t\t\t\t<div class=\"elementor-widget-container\">\n\t\t\t\t\t\t\t\t\t\t\t\t\t\t\t<img decoding=\"async\" width=\"800\" height=\"800\" src=\"https:\/\/santiagomachuca.com\/wp-content\/uploads\/2024\/05\/derechoad.jpg\" class=\"attachment-full size-full wp-image-14136\" alt=\"\" srcset=\"https:\/\/santiagomachuca.com\/wp-content\/uploads\/2024\/05\/derechoad.jpg 800w, https:\/\/santiagomachuca.com\/wp-content\/uploads\/2024\/05\/derechoad-300x300.jpg 300w, https:\/\/santiagomachuca.com\/wp-content\/uploads\/2024\/05\/derechoad-150x150.jpg 150w, https:\/\/santiagomachuca.com\/wp-content\/uploads\/2024\/05\/derechoad-768x768.jpg 768w, https:\/\/santiagomachuca.com\/wp-content\/uploads\/2024\/05\/derechoad-500x500.jpg 500w, https:\/\/santiagomachuca.com\/wp-content\/uploads\/2024\/05\/derechoad-600x600.jpg 600w, https:\/\/santiagomachuca.com\/wp-content\/uploads\/2024\/05\/derechoad-100x100.jpg 100w\" sizes=\"(max-width: 800px) 100vw, 800px\" \/>\t\t\t\t\t\t\t\t\t\t\t\t\t\t\t<\/div>\n\t\t\t\t<\/div>\n\t\t\t\t\t<\/div>\n\t\t<\/div>\n\t\t\t\t<div class=\"elementor-column elementor-col-50 elementor-top-column elementor-element elementor-element-77820b5\" data-id=\"77820b5\" data-element_type=\"column\" data-e-type=\"column\">\n\t\t\t<div class=\"elementor-widget-wrap elementor-element-populated\">\n\t\t\t\t\t\t<div class=\"elementor-element elementor-element-7711632 elementor-widget elementor-widget-rs-heading\" data-id=\"7711632\" data-element_type=\"widget\" data-e-type=\"widget\" data-widget_type=\"rs-heading.default\">\n\t\t\t\t<div class=\"elementor-widget-container\">\n\t\t\t\t\t        <div class=\"rs-heading default  \">\r\n        \t<div class=\"title-inner\">\r\n        \t\t      \t\t\r\n\t            <h2 class=\"title\"><span class=\"watermark\"><\/span>DERECHO LABORAL<\/h2>\t        <\/div>\r\n\t                    \t<div class=\"description\">\r\n            \t\tAsesor\u00eda, representaci\u00f3n y patrocinio jur\u00eddico en:            \t\t\r\n            \t<\/div>\r\n        \t        <\/div>\r\n\r\n        \t\t\t\t<\/div>\n\t\t\t\t<\/div>\n\t\t\t\t<div class=\"elementor-element elementor-element-359cc06 elementor-widget elementor-widget-rsfeatureslist\" data-id=\"359cc06\" data-element_type=\"widget\" data-e-type=\"widget\" data-widget_type=\"rsfeatureslist.default\">\n\t\t\t\t<div class=\"elementor-widget-container\">\n\t\t\t\t\t \n\n        <div class=\"rs-features-list-content\">        \n\n                                    <ul class=\"rs-features-list\">\n                                                    <li class=\"elementor-repeater-item-7006b61\">\n                                                                    <i class=\"fa fa-check-circle-o\"><\/i>\n                                                                <span class=\"rs-feature-text\">Impugnaci\u00f3n de actas de finiquito, reclamaciones de indemnizaciones laborales, reclamaciones de remuneraciones no pagadas.<\/span>\n                            <\/li>\n                                                    <li class=\"elementor-repeater-item-6a52651\">\n                                                                    <i class=\"fa fa-check-circle-o\"><\/i>\n                                                                <span class=\"rs-feature-text\">Protecci\u00f3n laboral de trabajadores sustitutos y grupos de atenci\u00f3n prioritaria.<\/span>\n                            <\/li>\n                                                    <li class=\"elementor-repeater-item-d5b5c53\">\n                                                                    <i class=\"fa fa-check-circle-o\"><\/i>\n                                                                <span class=\"rs-feature-text\">Intervenci\u00f3n en conflictos laborales, en las v\u00edas administrativa (Ministerio del Trabajo) y Judicial (juzgados del trabajo), en procedimientos de visto bueno, desahucio y despido intempestivo.<\/span>\n                            <\/li>\n                                                    <li class=\"elementor-repeater-item-9e90491\">\n                                                                    <i class=\"fa fa-check-circle-o\"><\/i>\n                                                                <span class=\"rs-feature-text\">Asuntos sobre seguridad social y riesgos del trabajo en el Instituto Ecuatoriano de Seguridad Social<\/span>\n                            <\/li>\n                                            <\/ul>\n                            \n        <\/div>\n        \t\t\t\t<\/div>\n\t\t\t\t<\/div>\n\t\t\t\t\t<\/div>\n\t\t<\/div>\n\t\t\t\t\t<\/div>\n\t\t<\/section>\n\t\t<div class=\"elementor-element elementor-element-b73ecd8 e-flex e-con-boxed e-con e-parent\" data-id=\"b73ecd8\" data-element_type=\"container\" data-e-type=\"container\">\n\t\t\t\t\t<div class=\"e-con-inner\">\n\t\t\t\t<div class=\"elementor-element elementor-element-548a1f8 elementor-widget elementor-widget-spacer\" data-id=\"548a1f8\" data-element_type=\"widget\" data-e-type=\"widget\" data-widget_type=\"spacer.default\">\n\t\t\t\t<div class=\"elementor-widget-container\">\n\t\t\t\t\t\t\t<div class=\"elementor-spacer\">\n\t\t\t<div class=\"elementor-spacer-inner\"><\/div>\n\t\t<\/div>\n\t\t\t\t\t\t<\/div>\n\t\t\t\t<\/div>\n\t\t\t\t\t<\/div>\n\t\t\t\t<\/div>\n\t\t\t\t<section class=\"elementor-section elementor-top-section elementor-element elementor-element-477c91c elementor-section-stretched elementor-section-boxed elementor-section-height-default elementor-section-height-default\" data-id=\"477c91c\" data-element_type=\"section\" data-e-type=\"section\" data-settings=\"{&quot;stretch_section&quot;:&quot;section-stretched&quot;,&quot;background_background&quot;:&quot;classic&quot;}\">\n\t\t\t\t\t\t<div class=\"elementor-container elementor-column-gap-extended\">\n\t\t\t\t\t<div class=\"elementor-column elementor-col-100 elementor-top-column elementor-element elementor-element-22ed422\" data-id=\"22ed422\" data-element_type=\"column\" data-e-type=\"column\">\n\t\t\t<div class=\"elementor-widget-wrap elementor-element-populated\">\n\t\t\t\t\t\t<div class=\"elementor-element elementor-element-b14b6da elementor-widget elementor-widget-rs-heading\" data-id=\"b14b6da\" data-element_type=\"widget\" data-e-type=\"widget\" data-widget_type=\"rs-heading.default\">\n\t\t\t\t<div class=\"elementor-widget-container\">\n\t\t\t\t\t        <div class=\"rs-heading default center \">\r\n        \t<div class=\"title-inner\">\r\n        \t\t      \t\t\r\n\t            <span class=\"sub-text \">Si no encuentra lo que est\u00e1 buscado, no dude en comunicarse conmigo<\/span><h2 class=\"title\"><span class=\"watermark\"><\/span>Encontraremos una soluci\u00f3n de acuerdo a su necesidad.\n<\/h2>\t        <\/div>\r\n\t                <\/div>\r\n\r\n        \t\t\t\t<\/div>\n\t\t\t\t<\/div>\n\t\t\t\t<div class=\"elementor-element elementor-element-86bf302 elementor-widget elementor-widget-rs-button\" data-id=\"86bf302\" data-element_type=\"widget\" data-e-type=\"widget\" data-widget_type=\"rs-button.default\">\n\t\t\t\t<div class=\"elementor-widget-container\">\n\t\t\t\t\t\t\r\n\t\t\r\n\t\t<div class=\"rs-btn\">\r\n\t\t\t\t\t\t<a class=\"readon rs_button\" href=\"https:\/\/santiagomachuca.com\/index.php\/contacteme\/\" >\t\t\t\t\r\n\t\t\t\t<span class=\"btn_text\">Que necesita?<\/span>\r\n\t\t\t\t\t\t\t<\/a>\r\n\t\t<\/div>    \r\n\t\t\t\t\t<\/div>\n\t\t\t\t<\/div>\n\t\t\t\t\t<\/div>\n\t\t<\/div>\n\t\t\t\t\t<\/div>\n\t\t<\/section>\n\t\t\t\t<\/div>\n\t\t","protected":false},"excerpt":{"rendered":"<p>DERECHO DE FAMILIA Representaci\u00f3n judicial y extra judicial y patrocinio en asuntos relacionados a la familia y ni\u00f1ez y adolescencia como divorcios, uniones de hecho, divisi\u00f3n de bienes, liquidaci\u00f3n de sociedad conyugal, pensiones alimenticias, aumento y rebaja de pensiones, tenencia, r\u00e9gimen de visitas, alimentos en el embarazo, convenios de pago, cobro en pensiones atrasadas y&#8230;<\/p>\n","protected":false},"author":1,"featured_media":0,"parent":0,"menu_order":0,"comment_status":"closed","ping_status":"closed","template":"","meta":{"_monsterinsights_skip_tracking":false,"_monsterinsights_sitenote_active":false,"_monsterinsights_sitenote_note":"","_monsterinsights_sitenote_category":0,"_joinchat":[],"footnotes":""},"class_list":["post-13468","page","type-page","status-publish","hentry"],"aioseo_notices":[],"_hostinger_reach_plugin_has_subscription_block":false,"_hostinger_reach_plugin_is_elementor":false,"_links":{"self":[{"href":"https:\/\/santiagomachuca.com\/index.php\/wp-json\/wp\/v2\/pages\/13468","targetHints":{"allow":["GET"]}}],"collection":[{"href":"https:\/\/santiagomachuca.com\/index.php\/wp-json\/wp\/v2\/pages"}],"about":[{"href":"https:\/\/santiagomachuca.com\/index.php\/wp-json\/wp\/v2\/types\/page"}],"author":[{"embeddable":true,"href":"https:\/\/santiagomachuca.com\/index.php\/wp-json\/wp\/v2\/users\/1"}],"replies":[{"embeddable":true,"href":"https:\/\/santiagomachuca.com\/index.php\/wp-json\/wp\/v2\/comments?post=13468"}],"version-history":[{"count":98,"href":"https:\/\/santiagomachuca.com\/index.php\/wp-json\/wp\/v2\/pages\/13468\/revisions"}],"predecessor-version":[{"id":14875,"href":"https:\/\/santiagomachuca.com\/index.php\/wp-json\/wp\/v2\/pages\/13468\/revisions\/14875"}],"wp:attachment":[{"href":"https:\/\/santiagomachuca.com\/index.php\/wp-json\/wp\/v2\/media?parent=13468"}],"curies":[{"name":"wp","href":"https:\/\/api.w.org\/{rel}","templated":true}]}}