{"id":14667,"date":"2024-05-23T17:34:32","date_gmt":"2024-05-23T22:34:32","guid":{"rendered":"https:\/\/santiagomachuca.com\/?page_id=14667"},"modified":"2024-06-04T11:21:45","modified_gmt":"2024-06-04T16:21:45","slug":"publicaciones","status":"publish","type":"page","link":"https:\/\/santiagomachuca.com\/index.php\/publicaciones\/","title":{"rendered":"Publicaciones"},"content":{"rendered":"\t\t<div data-elementor-type=\"wp-page\" data-elementor-id=\"14667\" class=\"elementor elementor-14667\">\n\t\t\t\t\t\t<section class=\"elementor-section elementor-top-section elementor-element elementor-element-0331505 elementor-section-stretched elementor-section-boxed elementor-section-height-default elementor-section-height-default\" data-id=\"0331505\" data-element_type=\"section\" data-settings=\"{&quot;stretch_section&quot;:&quot;section-stretched&quot;,&quot;background_background&quot;:&quot;classic&quot;}\">\n\t\t\t\t\t\t<div class=\"elementor-container elementor-column-gap-extended\">\n\t\t\t\t\t<div class=\"elementor-column elementor-col-100 elementor-top-column elementor-element elementor-element-f35a5fd\" data-id=\"f35a5fd\" data-element_type=\"column\">\n\t\t\t<div class=\"elementor-widget-wrap elementor-element-populated\">\n\t\t\t\t\t\t<div class=\"elementor-element elementor-element-cb253fa elementor-widget elementor-widget-heading\" data-id=\"cb253fa\" data-element_type=\"widget\" data-widget_type=\"heading.default\">\n\t\t\t\t<div class=\"elementor-widget-container\">\n\t\t\t\t\t<h2 class=\"elementor-heading-title elementor-size-default\">Publicaciones - Art\u00edculos y Obras Acad\u00e9micas<\/h2>\t\t\t\t<\/div>\n\t\t\t\t<\/div>\n\t\t\t\t\t<\/div>\n\t\t<\/div>\n\t\t\t\t\t<\/div>\n\t\t<\/section>\n\t\t\t\t<section class=\"elementor-section elementor-top-section elementor-element elementor-element-032cefa elementor-section-stretched elementor-section-boxed elementor-section-height-default elementor-section-height-default\" data-id=\"032cefa\" data-element_type=\"section\" data-settings=\"{&quot;stretch_section&quot;:&quot;section-stretched&quot;,&quot;background_background&quot;:&quot;classic&quot;}\">\n\t\t\t\t\t\t<div class=\"elementor-container elementor-column-gap-extended\">\n\t\t\t\t\t<div class=\"elementor-column elementor-col-25 elementor-top-column elementor-element elementor-element-535fccc\" data-id=\"535fccc\" data-element_type=\"column\">\n\t\t\t<div class=\"elementor-widget-wrap elementor-element-populated\">\n\t\t\t\t\t\t<div class=\"elementor-element elementor-element-38396ad elementor-alert-info elementor-widget elementor-widget-alert\" data-id=\"38396ad\" data-element_type=\"widget\" data-widget_type=\"alert.default\">\n\t\t\t\t<div class=\"elementor-widget-container\">\n\t\t\t\t\t\t\t<div class=\"elementor-alert\" role=\"alert\">\n\n\t\t\t\t\t\t<span class=\"elementor-alert-title\">Santiago Machuca Lozano<\/span>\n\t\t\t\n\t\t\t\t\t\t<span class=\"elementor-alert-description\"><p class=\"text-justify\">\u201cAn\u00e1lisis de la sentencia N\u00b0 001-10-SIN-CC. Casos N\u00b0 0008-09-IN y 0011-09-IN sobre Acci\u00f3n de inconstitucionalidad en contra de la Ley de Miner\u00eda y efectos posteriores\u201d, en Foro: Revista de Derecho, No. 21, Quito, 2015. <\/p><\/span>\n\t\t\t\n\t\t\t\n\t\t<\/div>\n\t\t\t\t\t\t<\/div>\n\t\t\t\t<\/div>\n\t\t\t\t<div class=\"elementor-element elementor-element-0c85b6c elementor-align-center elementor-widget elementor-widget-button\" data-id=\"0c85b6c\" data-element_type=\"widget\" data-widget_type=\"button.default\">\n\t\t\t\t<div class=\"elementor-widget-container\">\n\t\t\t\t\t\t\t\t\t<div class=\"elementor-button-wrapper\">\n\t\t\t\t\t<a class=\"elementor-button elementor-button-link elementor-size-sm\" href=\"https:\/\/santiagomachuca.com\/wp-content\/uploads\/2024\/05\/Analisis-de-la-sentencia-n.o-001-10-SIN-CC.pdf\" target=\"_blank\">\n\t\t\t\t\t\t<span class=\"elementor-button-content-wrapper\">\n\t\t\t\t\t\t\t\t\t<span class=\"elementor-button-text\">Ver m\u00e1s<\/span>\n\t\t\t\t\t<\/span>\n\t\t\t\t\t<\/a>\n\t\t\t\t<\/div>\n\t\t\t\t\t\t\t\t<\/div>\n\t\t\t\t<\/div>\n\t\t\t\t\t<\/div>\n\t\t<\/div>\n\t\t\t\t<div class=\"elementor-column elementor-col-25 elementor-top-column elementor-element elementor-element-545fd9b\" data-id=\"545fd9b\" data-element_type=\"column\">\n\t\t\t<div class=\"elementor-widget-wrap elementor-element-populated\">\n\t\t\t\t\t\t<div class=\"elementor-element elementor-element-83280b1 elementor-alert-info elementor-widget elementor-widget-alert\" data-id=\"83280b1\" data-element_type=\"widget\" data-widget_type=\"alert.default\">\n\t\t\t\t<div class=\"elementor-widget-container\">\n\t\t\t\t\t\t\t<div class=\"elementor-alert\" role=\"alert\">\n\n\t\t\t\t\t\t<span class=\"elementor-alert-title\">Santiago Machuca Lozano<\/span>\n\t\t\t\n\t\t\t\t\t\t<span class=\"elementor-alert-description\"><p class=\"text-justify\">\u201cLa administraci\u00f3n p\u00fablica en el nuevo r\u00e9gimen constitucional\u201d, en La palabra: Revista de la Facultad de Jurisprudencia, Ciencias Pol\u00edticas y Sociales de la Universidad Central del Ecuador, No. 1, Quito, 2018. <\/span>\n\t\t\t\n\t\t\t\n\t\t<\/div>\n\t\t\t\t\t\t<\/div>\n\t\t\t\t<\/div>\n\t\t\t\t<div class=\"elementor-element elementor-element-bfccb77 elementor-align-center elementor-widget elementor-widget-button\" data-id=\"bfccb77\" data-element_type=\"widget\" data-widget_type=\"button.default\">\n\t\t\t\t<div class=\"elementor-widget-container\">\n\t\t\t\t\t\t\t\t\t<div class=\"elementor-button-wrapper\">\n\t\t\t\t\t<a class=\"elementor-button elementor-button-link elementor-size-sm\" href=\"https:\/\/santiagomachuca.com\/wp-content\/uploads\/2024\/05\/La-administracion-publica-en-el-nuevo-regimen-constitucional.pdf\" target=\"_blank\">\n\t\t\t\t\t\t<span class=\"elementor-button-content-wrapper\">\n\t\t\t\t\t\t\t\t\t<span class=\"elementor-button-text\">Ver m\u00e1s<\/span>\n\t\t\t\t\t<\/span>\n\t\t\t\t\t<\/a>\n\t\t\t\t<\/div>\n\t\t\t\t\t\t\t\t<\/div>\n\t\t\t\t<\/div>\n\t\t\t\t\t<\/div>\n\t\t<\/div>\n\t\t\t\t<div class=\"elementor-column elementor-col-25 elementor-top-column elementor-element elementor-element-73ff214\" data-id=\"73ff214\" data-element_type=\"column\">\n\t\t\t<div class=\"elementor-widget-wrap elementor-element-populated\">\n\t\t\t\t\t\t<div class=\"elementor-element elementor-element-26e289a elementor-alert-info elementor-widget elementor-widget-alert\" data-id=\"26e289a\" data-element_type=\"widget\" data-widget_type=\"alert.default\">\n\t\t\t\t<div class=\"elementor-widget-container\">\n\t\t\t\t\t\t\t<div class=\"elementor-alert\" role=\"alert\">\n\n\t\t\t\t\t\t<span class=\"elementor-alert-title\">Santiago Machuca Lozano<\/span>\n\t\t\t\n\t\t\t\t\t\t<span class=\"elementor-alert-description\"><p class=\"text-justify\">en Carlos Manuel Villabella Armengol, et.al., coord., Diccionario Latinoamericano de Derecho Constitucional, Madrid, Tirant lo blanch, 2024 (en edici\u00f3n).<\/span>\n\t\t\t\n\t\t\t\n\t\t<\/div>\n\t\t\t\t\t\t<\/div>\n\t\t\t\t<\/div>\n\t\t\t\t\t<\/div>\n\t\t<\/div>\n\t\t\t\t<div class=\"elementor-column elementor-col-25 elementor-top-column elementor-element elementor-element-b39a465\" data-id=\"b39a465\" data-element_type=\"column\">\n\t\t\t<div class=\"elementor-widget-wrap elementor-element-populated\">\n\t\t\t\t\t\t<div class=\"elementor-element elementor-element-843cd7c elementor-alert-info elementor-widget elementor-widget-alert\" data-id=\"843cd7c\" data-element_type=\"widget\" data-widget_type=\"alert.default\">\n\t\t\t\t<div class=\"elementor-widget-container\">\n\t\t\t\t\t\t\t<div class=\"elementor-alert\" role=\"alert\">\n\n\t\t\t\t\t\t<span class=\"elementor-alert-title\">Santiago Machuca Lozano<\/span>\n\t\t\t\n\t\t\t\t\t\t<span class=\"elementor-alert-description\"><p class=\"text-justify\">La naturaleza como sujeto de derechos en la Constituci\u00f3n del Ecuador y su desarrollo jurisprudencial. Memorias del I Congreso de Derecho Constitucional y Agrario. Universidad Mariana de Pasto Colombia<\/span>\n\t\t\t\n\t\t\t\n\t\t<\/div>\n\t\t\t\t\t\t<\/div>\n\t\t\t\t<\/div>\n\t\t\t\t\t<\/div>\n\t\t<\/div>\n\t\t\t\t\t<\/div>\n\t\t<\/section>\n\t\t\t\t<section class=\"elementor-section elementor-top-section elementor-element elementor-element-b5aad58 elementor-section-stretched elementor-section-full_width elementor-section-height-default elementor-section-height-default\" data-id=\"b5aad58\" data-element_type=\"section\" data-settings=\"{&quot;stretch_section&quot;:&quot;section-stretched&quot;,&quot;background_background&quot;:&quot;classic&quot;}\">\n\t\t\t\t\t\t<div class=\"elementor-container elementor-column-gap-extended\">\n\t\t\t\t\t<div class=\"elementor-column elementor-col-20 elementor-top-column elementor-element elementor-element-131d79d\" data-id=\"131d79d\" data-element_type=\"column\">\n\t\t\t<div class=\"elementor-widget-wrap elementor-element-populated\">\n\t\t\t\t\t\t<div class=\"elementor-element elementor-element-ec02e29 elementor-alert-info elementor-widget elementor-widget-alert\" data-id=\"ec02e29\" data-element_type=\"widget\" data-widget_type=\"alert.default\">\n\t\t\t\t<div class=\"elementor-widget-container\">\n\t\t\t\t\t\t\t<div class=\"elementor-alert\" role=\"alert\">\n\n\t\t\t\t\t\t<span class=\"elementor-alert-title\">Santiago Machuca Lozano<\/span>\n\t\t\t\n\t\t\t\t\t\t<span class=\"elementor-alert-description\"><p class=\"text-justify\">La relaci\u00f3n entre Justicia Constitucional y Justicia Electoral en el Ecuador, Primera Edici\u00f3n, Quito, PPL-impresores, 2015.<\/span>\n\t\t\t\n\t\t\t\n\t\t<\/div>\n\t\t\t\t\t\t<\/div>\n\t\t\t\t<\/div>\n\t\t\t\t<div class=\"elementor-element elementor-element-de8b044 elementor-align-center elementor-widget elementor-widget-button\" data-id=\"de8b044\" data-element_type=\"widget\" data-widget_type=\"button.default\">\n\t\t\t\t<div class=\"elementor-widget-container\">\n\t\t\t\t\t\t\t\t\t<div class=\"elementor-button-wrapper\">\n\t\t\t\t\t<a class=\"elementor-button elementor-button-link elementor-size-sm\" href=\"https:\/\/santiagomachuca.com\/wp-content\/uploads\/2024\/05\/LA-RELACION-ENTRE-JUSTICIA-CONSTITUCIONAL-Y-JUSTICIA-ELECTORAL.pdf\" target=\"_blank\">\n\t\t\t\t\t\t<span class=\"elementor-button-content-wrapper\">\n\t\t\t\t\t\t\t\t\t<span class=\"elementor-button-text\">Ver m\u00e1s<\/span>\n\t\t\t\t\t<\/span>\n\t\t\t\t\t<\/a>\n\t\t\t\t<\/div>\n\t\t\t\t\t\t\t\t<\/div>\n\t\t\t\t<\/div>\n\t\t\t\t\t<\/div>\n\t\t<\/div>\n\t\t\t\t<div class=\"elementor-column elementor-col-20 elementor-top-column elementor-element elementor-element-cade926\" data-id=\"cade926\" data-element_type=\"column\">\n\t\t\t<div class=\"elementor-widget-wrap elementor-element-populated\">\n\t\t\t\t\t\t<div class=\"elementor-element elementor-element-1a95f27 elementor-alert-info elementor-widget elementor-widget-alert\" data-id=\"1a95f27\" data-element_type=\"widget\" data-widget_type=\"alert.default\">\n\t\t\t\t<div class=\"elementor-widget-container\">\n\t\t\t\t\t\t\t<div class=\"elementor-alert\" role=\"alert\">\n\n\t\t\t\t\t\t<span class=\"elementor-alert-title\">Santiago Machuca Lozano<\/span>\n\t\t\t\n\t\t\t\t\t\t<span class=\"elementor-alert-description\"><p class=\"text-justify\">, La relaci\u00f3n entre Justicia Constitucional y Justicia Electoral en el Ecuador, Segunda Edici\u00f3n, Quito, Universidad Central del Ecuador- PPL impresores, 2017.<\/span>\n\t\t\t\n\t\t\t\n\t\t<\/div>\n\t\t\t\t\t\t<\/div>\n\t\t\t\t<\/div>\n\t\t\t\t<div class=\"elementor-element elementor-element-83c0515 elementor-align-center elementor-widget elementor-widget-button\" data-id=\"83c0515\" data-element_type=\"widget\" data-widget_type=\"button.default\">\n\t\t\t\t<div class=\"elementor-widget-container\">\n\t\t\t\t\t\t\t\t\t<div class=\"elementor-button-wrapper\">\n\t\t\t\t\t<a class=\"elementor-button elementor-button-link elementor-size-sm\" href=\"https:\/\/santiagomachuca.com\/wp-content\/uploads\/2024\/05\/LA-RELACION-ENTRE-JUSTICIA-CONSTITUCIONAL-Y-JUSTICIA-ELECTORAL.pdf\" target=\"_blank\">\n\t\t\t\t\t\t<span class=\"elementor-button-content-wrapper\">\n\t\t\t\t\t\t\t\t\t<span class=\"elementor-button-text\">Ver m\u00e1s<\/span>\n\t\t\t\t\t<\/span>\n\t\t\t\t\t<\/a>\n\t\t\t\t<\/div>\n\t\t\t\t\t\t\t\t<\/div>\n\t\t\t\t<\/div>\n\t\t\t\t\t<\/div>\n\t\t<\/div>\n\t\t\t\t<div class=\"elementor-column elementor-col-20 elementor-top-column elementor-element elementor-element-488e5d3\" data-id=\"488e5d3\" data-element_type=\"column\">\n\t\t\t<div class=\"elementor-widget-wrap elementor-element-populated\">\n\t\t\t\t\t\t<div class=\"elementor-element elementor-element-18fadc9 elementor-alert-info elementor-widget elementor-widget-alert\" data-id=\"18fadc9\" data-element_type=\"widget\" data-widget_type=\"alert.default\">\n\t\t\t\t<div class=\"elementor-widget-container\">\n\t\t\t\t\t\t\t<div class=\"elementor-alert\" role=\"alert\">\n\n\t\t\t\t\t\t<span class=\"elementor-alert-title\">7.\tJuan Carlos Benalc\u00e1zar Guerr\u00f3n y Santiago Machuca Lozano<\/span>\n\t\t\t\n\t\t\t\t\t\t<span class=\"elementor-alert-description\"><p class=\"text-justify\">, La relaci\u00f3n entre el Derecho Electoral con otras ramas del Derecho P\u00fablico, Quito, Defensor\u00eda P\u00fablica Serie Defensa y Justicia No. 7, 2018.<\/span>\n\t\t\t\n\t\t\t\n\t\t<\/div>\n\t\t\t\t\t\t<\/div>\n\t\t\t\t<\/div>\n\t\t\t\t<div class=\"elementor-element elementor-element-d4b29d0 elementor-align-center elementor-widget elementor-widget-button\" data-id=\"d4b29d0\" data-element_type=\"widget\" data-widget_type=\"button.default\">\n\t\t\t\t<div class=\"elementor-widget-container\">\n\t\t\t\t\t\t\t\t\t<div class=\"elementor-button-wrapper\">\n\t\t\t\t\t<a class=\"elementor-button elementor-button-link elementor-size-sm\" href=\"https:\/\/santiagomachuca.com\/wp-content\/uploads\/2024\/05\/La-relacion-del-derecho-electoral-con-ot.pdf\" target=\"_blank\">\n\t\t\t\t\t\t<span class=\"elementor-button-content-wrapper\">\n\t\t\t\t\t\t\t\t\t<span class=\"elementor-button-text\">Ver m\u00e1s<\/span>\n\t\t\t\t\t<\/span>\n\t\t\t\t\t<\/a>\n\t\t\t\t<\/div>\n\t\t\t\t\t\t\t\t<\/div>\n\t\t\t\t<\/div>\n\t\t\t\t\t<\/div>\n\t\t<\/div>\n\t\t\t\t<div class=\"elementor-column elementor-col-20 elementor-top-column elementor-element elementor-element-b035dbc\" data-id=\"b035dbc\" data-element_type=\"column\">\n\t\t\t<div class=\"elementor-widget-wrap elementor-element-populated\">\n\t\t\t\t\t\t<div class=\"elementor-element elementor-element-0aed874 elementor-alert-info elementor-widget elementor-widget-alert\" data-id=\"0aed874\" data-element_type=\"widget\" data-widget_type=\"alert.default\">\n\t\t\t\t<div class=\"elementor-widget-container\">\n\t\t\t\t\t\t\t<div class=\"elementor-alert\" role=\"alert\">\n\n\t\t\t\t\t\t<span class=\"elementor-alert-title\">Santiago Machuca Lozano<\/span>\n\t\t\t\n\t\t\t\t\t\t<span class=\"elementor-alert-description\"><p class=\"text-justify\">La protecci\u00f3n de los derechos pol\u00edticos y el control de constitucionalidad sobre las decisiones de la jurisdicci\u00f3n electoral en el Ecuador, en Mauricio Pacheco, Derecho y Sociedad, Quito, Universidad Central del Ecuador-PPL impresores, Quito, 2017.<\/span>\n\t\t\t\n\t\t\t\n\t\t<\/div>\n\t\t\t\t\t\t<\/div>\n\t\t\t\t<\/div>\n\t\t\t\t<div class=\"elementor-element elementor-element-bd9969b elementor-align-center elementor-widget elementor-widget-button\" data-id=\"bd9969b\" data-element_type=\"widget\" data-widget_type=\"button.default\">\n\t\t\t\t<div class=\"elementor-widget-container\">\n\t\t\t\t\t\t\t\t\t<div class=\"elementor-button-wrapper\">\n\t\t\t\t\t<a class=\"elementor-button elementor-button-link elementor-size-sm\" href=\"https:\/\/santiagomachuca.com\/wp-content\/uploads\/2024\/05\/Derecho-y-sociedad.pdf\" target=\"_blank\">\n\t\t\t\t\t\t<span class=\"elementor-button-content-wrapper\">\n\t\t\t\t\t\t\t\t\t<span class=\"elementor-button-text\">Ver m\u00e1s<\/span>\n\t\t\t\t\t<\/span>\n\t\t\t\t\t<\/a>\n\t\t\t\t<\/div>\n\t\t\t\t\t\t\t\t<\/div>\n\t\t\t\t<\/div>\n\t\t\t\t\t<\/div>\n\t\t<\/div>\n\t\t\t\t<div class=\"elementor-column elementor-col-20 elementor-top-column elementor-element elementor-element-7539ed9\" data-id=\"7539ed9\" data-element_type=\"column\">\n\t\t\t<div class=\"elementor-widget-wrap elementor-element-populated\">\n\t\t\t\t\t\t<div class=\"elementor-element elementor-element-bb859b8 elementor-alert-info elementor-widget elementor-widget-alert\" data-id=\"bb859b8\" data-element_type=\"widget\" data-widget_type=\"alert.default\">\n\t\t\t\t<div class=\"elementor-widget-container\">\n\t\t\t\t\t\t\t<div class=\"elementor-alert\" role=\"alert\">\n\n\t\t\t\t\t\t<span class=\"elementor-alert-title\">Santiago Machuca Lozano<\/span>\n\t\t\t\n\t\t\t\t\t\t<span class=\"elementor-alert-description\"><p class=\"text-justify\">\u201cDel R\u00e9gimen Seccional Aut\u00f3nomo a los Gobiernos Aut\u00f3nomos Descentralizados en el Ecuador\u201d, en Marco Morales Tobar, coord., An\u00e1lisis y Actualidad del Derecho Administrativo, Quito, Corporaci\u00f3n de Estudios y Publicaciones, 2014.<\/span>\n\t\t\t\n\t\t\t\n\t\t<\/div>\n\t\t\t\t\t\t<\/div>\n\t\t\t\t<\/div>\n\t\t\t\t\t<\/div>\n\t\t<\/div>\n\t\t\t\t\t<\/div>\n\t\t<\/section>\n\t\t\t\t<\/div>\n\t\t","protected":false},"excerpt":{"rendered":"<p>Publicaciones &#8211; Art\u00edculos y Obras Acad\u00e9micas Santiago Machuca Lozano \u201cAn\u00e1lisis de la sentencia N\u00b0 001-10-SIN-CC. Casos N\u00b0 0008-09-IN y 0011-09-IN sobre Acci\u00f3n de inconstitucionalidad en contra de la Ley de Miner\u00eda y efectos posteriores\u201d, en Foro: Revista de Derecho, No. 21, Quito, 2015. Ver m\u00e1s Santiago Machuca Lozano \u201cLa administraci\u00f3n p\u00fablica en el nuevo r\u00e9gimen&#8230;<\/p>\n","protected":false},"author":1,"featured_media":0,"parent":0,"menu_order":0,"comment_status":"closed","ping_status":"closed","template":"","meta":{"_monsterinsights_skip_tracking":false,"_monsterinsights_sitenote_active":false,"_monsterinsights_sitenote_note":"","_monsterinsights_sitenote_category":0,"_joinchat":[],"footnotes":""},"class_list":["post-14667","page","type-page","status-publish","hentry"],"aioseo_notices":[],"_hostinger_reach_plugin_has_subscription_block":false,"_hostinger_reach_plugin_is_elementor":false,"_links":{"self":[{"href":"https:\/\/santiagomachuca.com\/index.php\/wp-json\/wp\/v2\/pages\/14667","targetHints":{"allow":["GET"]}}],"collection":[{"href":"https:\/\/santiagomachuca.com\/index.php\/wp-json\/wp\/v2\/pages"}],"about":[{"href":"https:\/\/santiagomachuca.com\/index.php\/wp-json\/wp\/v2\/types\/page"}],"author":[{"embeddable":true,"href":"https:\/\/santiagomachuca.com\/index.php\/wp-json\/wp\/v2\/users\/1"}],"replies":[{"embeddable":true,"href":"https:\/\/santiagomachuca.com\/index.php\/wp-json\/wp\/v2\/comments?post=14667"}],"version-history":[{"count":22,"href":"https:\/\/santiagomachuca.com\/index.php\/wp-json\/wp\/v2\/pages\/14667\/revisions"}],"predecessor-version":[{"id":14819,"href":"https:\/\/santiagomachuca.com\/index.php\/wp-json\/wp\/v2\/pages\/14667\/revisions\/14819"}],"wp:attachment":[{"href":"https:\/\/santiagomachuca.com\/index.php\/wp-json\/wp\/v2\/media?parent=14667"}],"curies":[{"name":"wp","href":"https:\/\/api.w.org\/{rel}","templated":true}]}}