{"id":14707,"date":"2024-05-27T17:35:49","date_gmt":"2024-05-27T22:35:49","guid":{"rendered":"https:\/\/santiagomachuca.com\/?page_id=14707"},"modified":"2026-01-06T12:50:27","modified_gmt":"2026-01-06T17:50:27","slug":"asesoria-consultoria-y-capacitacion","status":"publish","type":"page","link":"https:\/\/santiagomachuca.com\/index.php\/asesoria-consultoria-y-capacitacion\/","title":{"rendered":"Asesor\u00eda, consultor\u00eda y capacitaci\u00f3n"},"content":{"rendered":"\t\t<div data-elementor-type=\"wp-page\" data-elementor-id=\"14707\" class=\"elementor elementor-14707\">\n\t\t\t\t\t\t<section class=\"elementor-section elementor-top-section elementor-element elementor-element-03e336e elementor-section-full_width elementor-section-content-middle elementor-section-stretched elementor-section-height-default elementor-section-height-default\" data-id=\"03e336e\" data-element_type=\"section\" data-e-type=\"section\" data-settings=\"{&quot;stretch_section&quot;:&quot;section-stretched&quot;}\">\n\t\t\t\t\t\t<div class=\"elementor-container elementor-column-gap-wide\">\n\t\t\t\t\t<div class=\"elementor-column elementor-col-50 elementor-top-column elementor-element elementor-element-23516a9 animated-slow elementor-invisible\" data-id=\"23516a9\" data-element_type=\"column\" data-e-type=\"column\" data-settings=\"{&quot;animation&quot;:&quot;fadeInUp&quot;,&quot;animation_delay&quot;:500}\">\n\t\t\t<div class=\"elementor-widget-wrap elementor-element-populated\">\n\t\t\t\t\t\t<div class=\"elementor-element elementor-element-774bf6a elementor-widget elementor-widget-image\" data-id=\"774bf6a\" data-element_type=\"widget\" data-e-type=\"widget\" data-widget_type=\"image.default\">\n\t\t\t\t<div class=\"elementor-widget-container\">\n\t\t\t\t\t\t\t\t\t\t\t\t\t\t\t<img fetchpriority=\"high\" decoding=\"async\" width=\"900\" height=\"640\" src=\"https:\/\/santiagomachuca.com\/wp-content\/uploads\/2024\/05\/asesoriajuridica-1.jpg\" class=\"attachment-full size-full wp-image-14679\" alt=\"\" srcset=\"https:\/\/santiagomachuca.com\/wp-content\/uploads\/2024\/05\/asesoriajuridica-1.jpg 900w, https:\/\/santiagomachuca.com\/wp-content\/uploads\/2024\/05\/asesoriajuridica-1-300x213.jpg 300w, https:\/\/santiagomachuca.com\/wp-content\/uploads\/2024\/05\/asesoriajuridica-1-768x546.jpg 768w, https:\/\/santiagomachuca.com\/wp-content\/uploads\/2024\/05\/asesoriajuridica-1-600x427.jpg 600w\" sizes=\"(max-width: 900px) 100vw, 900px\" \/>\t\t\t\t\t\t\t\t\t\t\t\t\t\t\t<\/div>\n\t\t\t\t<\/div>\n\t\t\t\t\t<\/div>\n\t\t<\/div>\n\t\t\t\t<div class=\"elementor-column elementor-col-50 elementor-top-column elementor-element elementor-element-fe134f5\" data-id=\"fe134f5\" data-element_type=\"column\" data-e-type=\"column\">\n\t\t\t<div class=\"elementor-widget-wrap elementor-element-populated\">\n\t\t\t\t\t\t<div class=\"elementor-element elementor-element-31994d7 elementor-widget elementor-widget-rs-heading\" data-id=\"31994d7\" data-element_type=\"widget\" data-e-type=\"widget\" data-widget_type=\"rs-heading.default\">\n\t\t\t\t<div class=\"elementor-widget-container\">\n\t\t\t\t\t        <div class=\"rs-heading default justify \">\r\n        \t<div class=\"title-inner\">\r\n        \t\t      \t\t\r\n\t            <h2 class=\"title\"><span class=\"watermark\"><\/span>ASESOR\u00cdA y CONSULTOR\u00cdA<\/h2>\t        <\/div>\r\n\t                    \t<div class=\"description\">\r\n            \t\t<p>Brindo mis servicios de asesor\u00eda y consultor\u00eda especializada en materia jur\u00eddica en las \u00e1reas de Derecho P\u00fablico y Derecho Social tanto a personas naturales y jur\u00eddicas (compa\u00f1\u00edas, fundaciones, ONGS, instituciones p\u00fablicas, organizaciones pol\u00edticas, gremios, sindicatos), para afrontar una problem\u00e1tica (reactiva) o para prevenir situaciones futuras (preventiva), sin embargo, tambi\u00e9n podr\u00eda aplicarse este servicio con un enfoque de acompa\u00f1amiento para garantizar el normal desenvolvimiento de actividades y funciones que se realizan en un \u00e1rea determinada.<\/p>            \t\t\r\n            \t<\/div>\r\n        \t        <\/div>\r\n\r\n        \t\t\t\t<\/div>\n\t\t\t\t<\/div>\n\t\t\t\t\t<\/div>\n\t\t<\/div>\n\t\t\t\t\t<\/div>\n\t\t<\/section>\n\t\t\t\t<section class=\"elementor-section elementor-top-section elementor-element elementor-element-8dcc61d elementor-section-full_width elementor-section-content-middle elementor-section-height-full elementor-section-stretched elementor-section-height-default elementor-section-items-middle\" data-id=\"8dcc61d\" data-element_type=\"section\" data-e-type=\"section\" data-settings=\"{&quot;stretch_section&quot;:&quot;section-stretched&quot;}\">\n\t\t\t\t\t\t<div class=\"elementor-container elementor-column-gap-default\">\n\t\t\t\t\t<div class=\"elementor-column elementor-col-50 elementor-top-column elementor-element elementor-element-34686b4\" data-id=\"34686b4\" data-element_type=\"column\" data-e-type=\"column\">\n\t\t\t<div class=\"elementor-widget-wrap elementor-element-populated\">\n\t\t\t\t\t\t<div class=\"elementor-element elementor-element-205dccb elementor-widget elementor-widget-rs-heading\" data-id=\"205dccb\" data-element_type=\"widget\" data-e-type=\"widget\" data-widget_type=\"rs-heading.default\">\n\t\t\t\t<div class=\"elementor-widget-container\">\n\t\t\t\t\t        <div class=\"rs-heading default justify \">\r\n        \t<div class=\"title-inner\">\r\n        \t\t      \t\t\r\n\t            <h2 class=\"title\"><span class=\"watermark\"><\/span>CAPACITACI\u00d3N<\/h2>\t        <\/div>\r\n\t                    \t<div class=\"description\">\r\n            \t\t<p>El desempe\u00f1o como docente universitario por m\u00e1s de 15 a\u00f1os en pregrado y posgrado en distintas casas de estudio a nivel nacional e internacional, me ha permitido fortalecer las capacidades de ense\u00f1anza y formaci\u00f3n del talento humano con procesos acad\u00e9micos innovadoras en educaci\u00f3n cont\u00ednua con la finalidad de dotar de nuevas herramientas te\u00f3rico pr\u00e1cticas en materia jur\u00eddica.<\/p>            \t\t\r\n            \t<\/div>\r\n        \t        <\/div>\r\n\r\n        \t\t\t\t<\/div>\n\t\t\t\t<\/div>\n\t\t\t\t\t<\/div>\n\t\t<\/div>\n\t\t\t\t<div class=\"elementor-column elementor-col-50 elementor-top-column elementor-element elementor-element-de28e6b animated-slow elementor-invisible\" data-id=\"de28e6b\" data-element_type=\"column\" data-e-type=\"column\" data-settings=\"{&quot;animation&quot;:&quot;fadeInUp&quot;,&quot;animation_delay&quot;:500}\">\n\t\t\t<div class=\"elementor-widget-wrap elementor-element-populated\">\n\t\t\t\t\t\t<div class=\"elementor-element elementor-element-4902ce3 elementor-widget elementor-widget-image\" data-id=\"4902ce3\" data-element_type=\"widget\" data-e-type=\"widget\" data-widget_type=\"image.default\">\n\t\t\t\t<div class=\"elementor-widget-container\">\n\t\t\t\t\t\t\t\t\t\t\t\t\t\t\t<img decoding=\"async\" width=\"800\" height=\"800\" src=\"https:\/\/santiagomachuca.com\/wp-content\/uploads\/2024\/05\/laboral.jpg\" class=\"attachment-full size-full wp-image-14149\" alt=\"\" srcset=\"https:\/\/santiagomachuca.com\/wp-content\/uploads\/2024\/05\/laboral.jpg 800w, https:\/\/santiagomachuca.com\/wp-content\/uploads\/2024\/05\/laboral-300x300.jpg 300w, https:\/\/santiagomachuca.com\/wp-content\/uploads\/2024\/05\/laboral-150x150.jpg 150w, https:\/\/santiagomachuca.com\/wp-content\/uploads\/2024\/05\/laboral-768x768.jpg 768w, https:\/\/santiagomachuca.com\/wp-content\/uploads\/2024\/05\/laboral-500x500.jpg 500w, https:\/\/santiagomachuca.com\/wp-content\/uploads\/2024\/05\/laboral-600x600.jpg 600w, https:\/\/santiagomachuca.com\/wp-content\/uploads\/2024\/05\/laboral-100x100.jpg 100w\" sizes=\"(max-width: 800px) 100vw, 800px\" \/>\t\t\t\t\t\t\t\t\t\t\t\t\t\t\t<\/div>\n\t\t\t\t<\/div>\n\t\t\t\t\t<\/div>\n\t\t<\/div>\n\t\t\t\t\t<\/div>\n\t\t<\/section>\n\t\t<div class=\"elementor-element elementor-element-b73ecd8 e-flex e-con-boxed e-con e-parent\" data-id=\"b73ecd8\" data-element_type=\"container\" data-e-type=\"container\">\n\t\t\t\t\t<div class=\"e-con-inner\">\n\t\t\t\t<div class=\"elementor-element elementor-element-548a1f8 elementor-widget elementor-widget-spacer\" data-id=\"548a1f8\" data-element_type=\"widget\" data-e-type=\"widget\" data-widget_type=\"spacer.default\">\n\t\t\t\t<div class=\"elementor-widget-container\">\n\t\t\t\t\t\t\t<div class=\"elementor-spacer\">\n\t\t\t<div class=\"elementor-spacer-inner\"><\/div>\n\t\t<\/div>\n\t\t\t\t\t\t<\/div>\n\t\t\t\t<\/div>\n\t\t\t\t\t<\/div>\n\t\t\t\t<\/div>\n\t\t\t\t<section class=\"elementor-section elementor-top-section elementor-element elementor-element-477c91c elementor-section-stretched elementor-section-boxed elementor-section-height-default elementor-section-height-default\" data-id=\"477c91c\" data-element_type=\"section\" data-e-type=\"section\" data-settings=\"{&quot;stretch_section&quot;:&quot;section-stretched&quot;,&quot;background_background&quot;:&quot;classic&quot;}\">\n\t\t\t\t\t\t<div class=\"elementor-container elementor-column-gap-extended\">\n\t\t\t\t\t<div class=\"elementor-column elementor-col-100 elementor-top-column elementor-element elementor-element-22ed422\" data-id=\"22ed422\" data-element_type=\"column\" data-e-type=\"column\">\n\t\t\t<div class=\"elementor-widget-wrap elementor-element-populated\">\n\t\t\t\t\t\t<div class=\"elementor-element elementor-element-b14b6da elementor-widget elementor-widget-rs-heading\" data-id=\"b14b6da\" data-element_type=\"widget\" data-e-type=\"widget\" data-widget_type=\"rs-heading.default\">\n\t\t\t\t<div class=\"elementor-widget-container\">\n\t\t\t\t\t        <div class=\"rs-heading default center \">\r\n        \t<div class=\"title-inner\">\r\n        \t\t      \t\t\r\n\t            <span class=\"sub-text \">Si no encuentra lo que est\u00e1 buscado, no dude en comunicarse conmigo<\/span><h2 class=\"title\"><span class=\"watermark\"><\/span>Encontraremos una soluci\u00f3n de acuerdo a su necesidad.\n<\/h2>\t        <\/div>\r\n\t                <\/div>\r\n\r\n        \t\t\t\t<\/div>\n\t\t\t\t<\/div>\n\t\t\t\t<div class=\"elementor-element elementor-element-86bf302 elementor-widget elementor-widget-rs-button\" data-id=\"86bf302\" data-element_type=\"widget\" data-e-type=\"widget\" data-widget_type=\"rs-button.default\">\n\t\t\t\t<div class=\"elementor-widget-container\">\n\t\t\t\t\t\t\r\n\t\t\r\n\t\t<div class=\"rs-btn\">\r\n\t\t\t\t\t\t<a class=\"readon rs_button\" href=\"https:\/\/santiagomachuca.com\/index.php\/contacteme\/\" >\t\t\t\t\r\n\t\t\t\t<span class=\"btn_text\">Que necesita?<\/span>\r\n\t\t\t\t\t\t\t<\/a>\r\n\t\t<\/div>    \r\n\t\t\t\t\t<\/div>\n\t\t\t\t<\/div>\n\t\t\t\t\t<\/div>\n\t\t<\/div>\n\t\t\t\t\t<\/div>\n\t\t<\/section>\n\t\t\t\t<\/div>\n\t\t","protected":false},"excerpt":{"rendered":"<p>ASESOR\u00cdA y CONSULTOR\u00cdA Brindo mis servicios de asesor\u00eda y consultor\u00eda especializada en materia jur\u00eddica en las \u00e1reas de Derecho P\u00fablico y Derecho Social tanto a personas naturales y jur\u00eddicas (compa\u00f1\u00edas, fundaciones, ONGS, instituciones p\u00fablicas, organizaciones pol\u00edticas, gremios, sindicatos), para afrontar una problem\u00e1tica (reactiva) o para prevenir situaciones futuras (preventiva), sin embargo, tambi\u00e9n podr\u00eda aplicarse este&#8230;<\/p>\n","protected":false},"author":1,"featured_media":0,"parent":0,"menu_order":0,"comment_status":"closed","ping_status":"closed","template":"","meta":{"_monsterinsights_skip_tracking":false,"_monsterinsights_sitenote_active":false,"_monsterinsights_sitenote_note":"","_monsterinsights_sitenote_category":0,"_joinchat":[],"footnotes":""},"class_list":["post-14707","page","type-page","status-publish","hentry"],"aioseo_notices":[],"_hostinger_reach_plugin_has_subscription_block":false,"_hostinger_reach_plugin_is_elementor":false,"_links":{"self":[{"href":"https:\/\/santiagomachuca.com\/index.php\/wp-json\/wp\/v2\/pages\/14707","targetHints":{"allow":["GET"]}}],"collection":[{"href":"https:\/\/santiagomachuca.com\/index.php\/wp-json\/wp\/v2\/pages"}],"about":[{"href":"https:\/\/santiagomachuca.com\/index.php\/wp-json\/wp\/v2\/types\/page"}],"author":[{"embeddable":true,"href":"https:\/\/santiagomachuca.com\/index.php\/wp-json\/wp\/v2\/users\/1"}],"replies":[{"embeddable":true,"href":"https:\/\/santiagomachuca.com\/index.php\/wp-json\/wp\/v2\/comments?post=14707"}],"version-history":[{"count":19,"href":"https:\/\/santiagomachuca.com\/index.php\/wp-json\/wp\/v2\/pages\/14707\/revisions"}],"predecessor-version":[{"id":14892,"href":"https:\/\/santiagomachuca.com\/index.php\/wp-json\/wp\/v2\/pages\/14707\/revisions\/14892"}],"wp:attachment":[{"href":"https:\/\/santiagomachuca.com\/index.php\/wp-json\/wp\/v2\/media?parent=14707"}],"curies":[{"name":"wp","href":"https:\/\/api.w.org\/{rel}","templated":true}]}}